{"id":54,"date":"2022-12-02T13:53:46","date_gmt":"2022-12-02T12:53:46","guid":{"rendered":"http:\/\/voyancedestin.fr\/?page_id=54"},"modified":"2022-12-09T04:32:18","modified_gmt":"2022-12-09T03:32:18","slug":"qui-suije","status":"publish","type":"page","link":"https:\/\/voyancedestin.fr\/index.php\/qui-suije\/","title":{"rendered":"Qui suis-je"},"content":{"rendered":"\n<div class=\"wp-block-group\"><div class=\"wp-block-group__inner-container is-layout-constrained wp-block-group-is-layout-constrained\">\n<p class=\"has-text-align-center\">Je m\u2019appelle V\u00e9ronique, j\u2019ai d\u00e9cid\u00e9 en 2019, de m\u2019installer en temps que lectrice de vie, plus commun\u00e9ment nomm\u00e9 voyante, d\u00fb \u00e0 un don et une grande sensibilit\u00e9 que j\u2019ai depuis mon enfance.<\/p>\n\n\n\n<p class=\"has-text-align-center\">Posez moi vos questions, aussi pr\u00e9cises soient-elles sur votre avenir, votre entourage, votre stress.<\/p>\n\n\n\n<p class=\"has-text-align-center\">Ces questions seront le moteur des images qui apparaitront dans ma pens\u00e9e. Chaque image symbolise une situation bien r\u00e9elle qui doit \u00eatre analys\u00e9e.<\/p>\n\n\n\n<p class=\"has-text-align-center\">Suivant les probl\u00e9matiques de chacun, parfois j\u2019ai aussi des images qui se succ\u00e8dent, comme un film qui se d\u00e9roule.<\/p>\n\n\n\n<p class=\"has-text-align-center\">Il suffit d\u2019attendre parfois quelques jours, afin que d\u2019autres visions me viennent et compl\u00e8tent les pr\u00e9c\u00e9dentes.<\/p>\n\n\n\n<p class=\"has-text-align-center\">Je traduis les symboles de mes visions avec vous en fonction de votre v\u00e9cu.<\/p>\n\n\n\n<p class=\"has-text-align-center\">N\u2019h\u00e9sitez pas \u00e0 me contacter pour \u00e9changer et partager vos interrogations sur votre avenir, vos envies et vos questions pr\u00e9cises.<\/p>\n<\/div><\/div>\n","protected":false},"excerpt":{"rendered":"<p>Je m\u2019appelle V\u00e9ronique, j\u2019ai d\u00e9cid\u00e9 en 2019, de m\u2019installer en temps que lectrice de vie, plus commun\u00e9ment nomm\u00e9 voyante, d\u00fb \u00e0 un don et une grande sensibilit\u00e9 que j\u2019ai depuis mon enfance. Posez moi vos questions, aussi pr\u00e9cises soient-elles sur votre avenir, votre entourage, votre stress. Ces questions seront le moteur des images qui apparaitront dans ma pens\u00e9e. Chaque image symbolise une situation bien r\u00e9elle qui doit \u00eatre analys\u00e9e. Suivant les probl\u00e9matiques de chacun, parfois j\u2019ai aussi des images qui se succ\u00e8dent, comme un film qui se d\u00e9roule. Il suffit d\u2019attendre parfois quelques jours, afin que d\u2019autres visions me viennent et compl\u00e8tent les pr\u00e9c\u00e9dentes. Je traduis les symboles de mes visions avec vous en fonction de votre v\u00e9cu. N\u2019h\u00e9sitez pas \u00e0 me contacter pour \u00e9changer et partager vos interrogations sur votre avenir, vos envies et vos questions pr\u00e9cises.<\/p>\n","protected":false},"author":1,"featured_media":0,"parent":0,"menu_order":0,"comment_status":"closed","ping_status":"closed","template":"","meta":{"_themeisle_gutenberg_block_has_review":false,"footnotes":""},"class_list":["post-54","page","type-page","status-publish","hentry"],"_links":{"self":[{"href":"https:\/\/voyancedestin.fr\/index.php\/wp-json\/wp\/v2\/pages\/54","targetHints":{"allow":["GET"]}}],"collection":[{"href":"https:\/\/voyancedestin.fr\/index.php\/wp-json\/wp\/v2\/pages"}],"about":[{"href":"https:\/\/voyancedestin.fr\/index.php\/wp-json\/wp\/v2\/types\/page"}],"author":[{"embeddable":true,"href":"https:\/\/voyancedestin.fr\/index.php\/wp-json\/wp\/v2\/users\/1"}],"replies":[{"embeddable":true,"href":"https:\/\/voyancedestin.fr\/index.php\/wp-json\/wp\/v2\/comments?post=54"}],"version-history":[{"count":7,"href":"https:\/\/voyancedestin.fr\/index.php\/wp-json\/wp\/v2\/pages\/54\/revisions"}],"predecessor-version":[{"id":241,"href":"https:\/\/voyancedestin.fr\/index.php\/wp-json\/wp\/v2\/pages\/54\/revisions\/241"}],"wp:attachment":[{"href":"https:\/\/voyancedestin.fr\/index.php\/wp-json\/wp\/v2\/media?parent=54"}],"curies":[{"name":"wp","href":"https:\/\/api.w.org\/{rel}","templated":true}]}}