{"id":39,"date":"2022-12-02T13:32:08","date_gmt":"2022-12-02T12:32:08","guid":{"rendered":"http:\/\/voyancedestin.fr\/?page_id=39"},"modified":"2022-12-09T04:31:31","modified_gmt":"2022-12-09T03:31:31","slug":"la-voyance","status":"publish","type":"page","link":"https:\/\/voyancedestin.fr\/index.php\/la-voyance\/","title":{"rendered":"La voyance"},"content":{"rendered":"<div class=\"wp-block-image\">\n<figure class=\"aligncenter size-full is-resized\"><img loading=\"lazy\" decoding=\"async\" src=\"https:\/\/voyancedestin.fr\/wp-content\/uploads\/2022\/12\/voyance.jpg\" alt=\"\" class=\"wp-image-145\" width=\"445\" height=\"290\" srcset=\"https:\/\/voyancedestin.fr\/wp-content\/uploads\/2022\/12\/voyance.jpg 612w, https:\/\/voyancedestin.fr\/wp-content\/uploads\/2022\/12\/voyance-300x196.jpg 300w, https:\/\/voyancedestin.fr\/wp-content\/uploads\/2022\/12\/voyance-92x60.jpg 92w\" sizes=\"auto, (max-width: 445px) 100vw, 445px\" \/><\/figure>\n<\/div>\n\n\n<div class=\"wp-block-group\"><div class=\"wp-block-group__inner-container is-layout-constrained wp-block-group-is-layout-constrained\">\n<p class=\"has-text-align-center\">La Voyance qu\u2019est-ce que c\u2019est ?<\/p>\n\n\n\n<p class=\"has-text-align-center\">La Voyance est un outil qui permet la Divination.<\/p>\n\n\n\n<p class=\"has-text-align-center\">C\u2019est comme si le pratiquant de cette capacit\u00e9 avait le pouvoir de \u00ab voyager \u00bb dans le temps, pass\u00e9, pr\u00e9sent, futur afin de r\u00e9colter des informations sur des personnes, des situations, des \u00e9v\u00e8nements.<\/p>\n\n\n\n<p class=\"has-text-align-center\">En consultation, le voyant retransmet ce qu\u2019il a \u00ab vu \u00bb pendant ces voyages virtuels et temporels afin de r\u00e9pondre \u00e0 des questions.<\/p>\n\n\n\n<p class=\"has-text-align-center\">Le voyant utilise souvent des supports comme les tarots, les oracles, le pendule, les runes, etc\u2026Cela lui permet d\u2019affiner sa Divination, de la rendre plus pr\u00e9cise.<\/p>\n\n\n\n<p class=\"has-text-align-center\">Pour ma part j\u2019utilise des Tarots et des oracles.<\/p>\n\n\n\n<p class=\"has-text-align-center\">J\u2019utilise aussi quelquefois un pendule.<\/p>\n\n\n\n<p class=\"has-text-align-center\">N\u2019h\u00e9sitez pas \u00e0 me contacter pour une guidance, un tirage de tarots\u2026<\/p>\n\n\n\n<p class=\"has-text-align-center\">La dur\u00e9e d\u2019une consultation est d\u2019environ une heure.<\/p>\n\n\n\n<p class=\"has-text-align-center\">\u00e0 distance.<\/p>\n\n\n\n<p class=\"has-text-align-center\"><strong>Contactez-moi uniquement par le formulaire <strong><a href=\"https:\/\/voyancedestin.fr\/index.php\/contact\/\">ici<\/a><\/strong> et je vous rappelle<\/strong>.<\/p>\n<\/div><\/div>\n","protected":false},"excerpt":{"rendered":"<p>La Voyance qu\u2019est-ce que c\u2019est ? La Voyance est un outil qui permet la Divination. C\u2019est comme si le pratiquant de cette capacit\u00e9 avait le pouvoir de \u00ab voyager \u00bb dans le temps, pass\u00e9, pr\u00e9sent, futur afin de r\u00e9colter des informations sur des personnes, des situations, des \u00e9v\u00e8nements. En consultation, le voyant retransmet ce qu\u2019il a \u00ab vu \u00bb pendant ces voyages virtuels et temporels afin de r\u00e9pondre \u00e0 des questions. Le voyant utilise souvent des supports comme les tarots, les oracles, le pendule, les runes, etc\u2026Cela lui permet d\u2019affiner sa Divination, de la rendre plus pr\u00e9cise. Pour ma part j\u2019utilise des Tarots et des oracles. J\u2019utilise aussi quelquefois un pendule. N\u2019h\u00e9sitez pas \u00e0 me contacter pour une guidance, un tirage de tarots\u2026 La dur\u00e9e d\u2019une consultation est d\u2019environ une heure. \u00e0 distance. Contactez-moi uniquement par le formulaire ici et je vous rappelle.<\/p>\n","protected":false},"author":1,"featured_media":0,"parent":0,"menu_order":0,"comment_status":"closed","ping_status":"closed","template":"","meta":{"_themeisle_gutenberg_block_has_review":false,"footnotes":""},"class_list":["post-39","page","type-page","status-publish","hentry"],"_links":{"self":[{"href":"https:\/\/voyancedestin.fr\/index.php\/wp-json\/wp\/v2\/pages\/39","targetHints":{"allow":["GET"]}}],"collection":[{"href":"https:\/\/voyancedestin.fr\/index.php\/wp-json\/wp\/v2\/pages"}],"about":[{"href":"https:\/\/voyancedestin.fr\/index.php\/wp-json\/wp\/v2\/types\/page"}],"author":[{"embeddable":true,"href":"https:\/\/voyancedestin.fr\/index.php\/wp-json\/wp\/v2\/users\/1"}],"replies":[{"embeddable":true,"href":"https:\/\/voyancedestin.fr\/index.php\/wp-json\/wp\/v2\/comments?post=39"}],"version-history":[{"count":6,"href":"https:\/\/voyancedestin.fr\/index.php\/wp-json\/wp\/v2\/pages\/39\/revisions"}],"predecessor-version":[{"id":239,"href":"https:\/\/voyancedestin.fr\/index.php\/wp-json\/wp\/v2\/pages\/39\/revisions\/239"}],"wp:attachment":[{"href":"https:\/\/voyancedestin.fr\/index.php\/wp-json\/wp\/v2\/media?parent=39"}],"curies":[{"name":"wp","href":"https:\/\/api.w.org\/{rel}","templated":true}]}}