{"id":200,"date":"2022-12-04T12:46:59","date_gmt":"2022-12-04T11:46:59","guid":{"rendered":"https:\/\/voyancedestin.fr\/?page_id=200"},"modified":"2022-12-26T04:27:14","modified_gmt":"2022-12-26T03:27:14","slug":"heures-douverture","status":"publish","type":"page","link":"https:\/\/voyancedestin.fr\/index.php\/heures-douverture\/","title":{"rendered":"Heures d&#8217;ouverture"},"content":{"rendered":"\n<div class=\"wp-block-group\"><div class=\"wp-block-group__inner-container is-layout-constrained wp-block-group-is-layout-constrained\">\n<div class=\"wp-block-group\"><div class=\"wp-block-group__inner-container is-layout-constrained wp-block-group-is-layout-constrained\">\n<p class=\"has-text-align-center\"><strong>Heures d\u2019ouverture<\/strong><br>Du lundi au vendredi de : 9h00 \u2013 17h00<br>et le samedi de : 11h00 \u2013 15h00<\/p>\n\n\n\n<p class=\"has-text-align-center\"><strong>ATTENTION !<\/strong><br><strong>Je suis en Guadeloupe donc le d\u00e9calage horaire en Guadeloupe est de 5h en moins avec Paris lorsque la M\u00e9tropole est en heure d&#8217;hiver et 6h en moins en heure d&#8217;\u00e9t\u00e9.<\/strong><\/p>\n<\/div><\/div>\n<\/div><\/div>\n","protected":false},"excerpt":{"rendered":"<p>Heures d\u2019ouvertureDu lundi au vendredi de : 9h00 \u2013 17h00et le samedi de : 11h00 \u2013 15h00 ATTENTION !Je suis en Guadeloupe donc le d\u00e9calage horaire en Guadeloupe est de 5h en moins avec Paris lorsque la M\u00e9tropole est en heure d&#8217;hiver et 6h en moins en heure d&#8217;\u00e9t\u00e9.<\/p>\n","protected":false},"author":1,"featured_media":0,"parent":0,"menu_order":0,"comment_status":"closed","ping_status":"closed","template":"","meta":{"_themeisle_gutenberg_block_has_review":false,"footnotes":""},"class_list":["post-200","page","type-page","status-publish","hentry"],"_links":{"self":[{"href":"https:\/\/voyancedestin.fr\/index.php\/wp-json\/wp\/v2\/pages\/200","targetHints":{"allow":["GET"]}}],"collection":[{"href":"https:\/\/voyancedestin.fr\/index.php\/wp-json\/wp\/v2\/pages"}],"about":[{"href":"https:\/\/voyancedestin.fr\/index.php\/wp-json\/wp\/v2\/types\/page"}],"author":[{"embeddable":true,"href":"https:\/\/voyancedestin.fr\/index.php\/wp-json\/wp\/v2\/users\/1"}],"replies":[{"embeddable":true,"href":"https:\/\/voyancedestin.fr\/index.php\/wp-json\/wp\/v2\/comments?post=200"}],"version-history":[{"count":16,"href":"https:\/\/voyancedestin.fr\/index.php\/wp-json\/wp\/v2\/pages\/200\/revisions"}],"predecessor-version":[{"id":265,"href":"https:\/\/voyancedestin.fr\/index.php\/wp-json\/wp\/v2\/pages\/200\/revisions\/265"}],"wp:attachment":[{"href":"https:\/\/voyancedestin.fr\/index.php\/wp-json\/wp\/v2\/media?parent=200"}],"curies":[{"name":"wp","href":"https:\/\/api.w.org\/{rel}","templated":true}]}}