{"id":15,"date":"2022-12-02T13:13:58","date_gmt":"2022-12-02T12:13:58","guid":{"rendered":"http:\/\/voyancedestin.fr\/?page_id=15"},"modified":"2022-12-09T04:29:12","modified_gmt":"2022-12-09T03:29:12","slug":"accueil","status":"publish","type":"page","link":"https:\/\/voyancedestin.fr\/","title":{"rendered":"Accueil"},"content":{"rendered":"<div class=\"wp-block-image\">\n<figure class=\"aligncenter size-large is-resized\"><img loading=\"lazy\" decoding=\"async\" src=\"http:\/\/voyancedestin.fr\/wp-content\/uploads\/2022\/12\/visuel-la-voyance-en-ligne-tend-a-se-democratiser-1024x683.jpg\" alt=\"\" class=\"wp-image-67\" width=\"503\" height=\"335\" srcset=\"https:\/\/voyancedestin.fr\/wp-content\/uploads\/2022\/12\/visuel-la-voyance-en-ligne-tend-a-se-democratiser-1024x683.jpg 1024w, https:\/\/voyancedestin.fr\/wp-content\/uploads\/2022\/12\/visuel-la-voyance-en-ligne-tend-a-se-democratiser-300x200.jpg 300w, https:\/\/voyancedestin.fr\/wp-content\/uploads\/2022\/12\/visuel-la-voyance-en-ligne-tend-a-se-democratiser-768x512.jpg 768w, https:\/\/voyancedestin.fr\/wp-content\/uploads\/2022\/12\/visuel-la-voyance-en-ligne-tend-a-se-democratiser-90x60.jpg 90w, https:\/\/voyancedestin.fr\/wp-content\/uploads\/2022\/12\/visuel-la-voyance-en-ligne-tend-a-se-democratiser-420x280.jpg 420w, https:\/\/voyancedestin.fr\/wp-content\/uploads\/2022\/12\/visuel-la-voyance-en-ligne-tend-a-se-democratiser.jpg 1200w\" sizes=\"auto, (max-width: 503px) 100vw, 503px\" \/><\/figure>\n<\/div>\n\n\n<div class=\"wp-block-group\"><div class=\"wp-block-group__inner-container is-layout-constrained wp-block-group-is-layout-constrained\">\n<p class=\"has-text-align-center\"><strong>Bienvenue sur mon site&nbsp;!<\/strong><\/p>\n\n\n\n<p class=\"has-text-align-center\">Vous vous interrogez sur votre avenir ? Avez des doutes pour vos prises de d\u00e9cisions ?<br>Vous d\u00e9cidez de changer de voie professionnelle et n&#8217;\u00eates pas certain de vos choix ?<br>Vous avez des interrogations sur votre sant\u00e9.<br>Grace a mon don de voyance je peux vous \u00e9clairer sur votre chemin de vie.<\/p>\n<\/div><\/div>\n","protected":false},"excerpt":{"rendered":"<p>Bienvenue sur mon site&nbsp;! Vous vous interrogez sur votre avenir ? Avez des doutes pour vos prises de d\u00e9cisions ?Vous d\u00e9cidez de changer de voie professionnelle et n&#8217;\u00eates pas certain de vos choix ?Vous avez des interrogations sur votre sant\u00e9.Grace a mon don de voyance je peux vous \u00e9clairer sur votre chemin de vie.<\/p>\n","protected":false},"author":1,"featured_media":0,"parent":0,"menu_order":0,"comment_status":"closed","ping_status":"closed","template":"","meta":{"_themeisle_gutenberg_block_has_review":false,"footnotes":""},"class_list":["post-15","page","type-page","status-publish","hentry"],"_links":{"self":[{"href":"https:\/\/voyancedestin.fr\/index.php\/wp-json\/wp\/v2\/pages\/15","targetHints":{"allow":["GET"]}}],"collection":[{"href":"https:\/\/voyancedestin.fr\/index.php\/wp-json\/wp\/v2\/pages"}],"about":[{"href":"https:\/\/voyancedestin.fr\/index.php\/wp-json\/wp\/v2\/types\/page"}],"author":[{"embeddable":true,"href":"https:\/\/voyancedestin.fr\/index.php\/wp-json\/wp\/v2\/users\/1"}],"replies":[{"embeddable":true,"href":"https:\/\/voyancedestin.fr\/index.php\/wp-json\/wp\/v2\/comments?post=15"}],"version-history":[{"count":8,"href":"https:\/\/voyancedestin.fr\/index.php\/wp-json\/wp\/v2\/pages\/15\/revisions"}],"predecessor-version":[{"id":233,"href":"https:\/\/voyancedestin.fr\/index.php\/wp-json\/wp\/v2\/pages\/15\/revisions\/233"}],"wp:attachment":[{"href":"https:\/\/voyancedestin.fr\/index.php\/wp-json\/wp\/v2\/media?parent=15"}],"curies":[{"name":"wp","href":"https:\/\/api.w.org\/{rel}","templated":true}]}}